{"id":2,"date":"2023-01-15T23:55:43","date_gmt":"2023-01-15T23:55:43","guid":{"rendered":"http:\/\/tristap.com\/?page_id=2"},"modified":"2023-01-27T21:54:21","modified_gmt":"2023-01-27T21:54:21","slug":"sample-page","status":"publish","type":"page","link":"https:\/\/tristap.com\/","title":{"rendered":"Presentaci\u00f3n"},"content":{"rendered":"\n<p>\u00a1Bienvenido a nuestra app de venta de libros! Estamos emocionados de presentarte nuestra plataforma donde podr\u00e1s encontrar una amplia variedad de t\u00edtulos para todos los gustos y edades. Con nuestra app, podr\u00e1s comprar libros desde cualquier lugar y en cualquier momento, sin tener que salir de casa.<\/p>\n\n\n\n<p>Nuestra selecci\u00f3n de libros incluye t\u00edtulos de ficci\u00f3n, no ficci\u00f3n, infantiles, bestsellers y mucho m\u00e1s. Tenemos una gran variedad de g\u00e9neros, desde novelas rom\u00e1nticas hasta ciencia ficci\u00f3n, pasando por biograf\u00edas, ensayos y libros de autoayuda. Adem\u00e1s, nuestra app tiene una funcionalidad de b\u00fasqueda avanzada que te permite encontrar r\u00e1pidamente el libro que est\u00e1s buscando.<\/p>\n\n\n\n<p>Otra de las funcionalidades de nuestra app es la posibilidad de crear tu propia biblioteca virtual, donde podr\u00e1s a\u00f1adir tus libros favoritos y tenerlos siempre a mano. Tambi\u00e9n podr\u00e1s ver las rese\u00f1as de otros usuarios y dejar tus propias opiniones sobre los libros que hayas le\u00eddo.<\/p>\n\n\n\n<p>Adem\u00e1s, nuestra app ofrece precios competitivos y promociones especiales para que puedas comprar tus libros favoritos al mejor precio. Tambi\u00e9n ofrecemos env\u00edo gratis en pedidos superiores a cierto importe.<\/p>\n\n\n\n<p>\u00a1Descarga nuestra app ahora y comienza a explorar el maravilloso mundo de la lectura<\/p>\n","protected":false},"excerpt":{"rendered":"<p>\u00a1Bienvenido a nuestra app de venta de libros! Estamos emocionados de presentarte nuestra plataforma donde podr\u00e1s encontrar una amplia variedad de t\u00edtulos para todos los gustos y edades. Con nuestra app, podr\u00e1s comprar libros desde cualquier lugar y en cualquier momento, sin tener que salir de casa. Nuestra selecci\u00f3n de libros incluye t\u00edtulos de ficci\u00f3n, no ficci\u00f3n, infantiles, bestsellers y [&hellip;]<\/p>\n","protected":false},"author":1,"featured_media":0,"parent":0,"menu_order":0,"comment_status":"closed","ping_status":"open","template":"","meta":{"footnotes":""},"class_list":["post-2","page","type-page","status-publish","hentry"],"jetpack_sharing_enabled":true,"_links":{"self":[{"href":"https:\/\/tristap.com\/index.php?rest_route=\/wp\/v2\/pages\/2","targetHints":{"allow":["GET"]}}],"collection":[{"href":"https:\/\/tristap.com\/index.php?rest_route=\/wp\/v2\/pages"}],"about":[{"href":"https:\/\/tristap.com\/index.php?rest_route=\/wp\/v2\/types\/page"}],"author":[{"embeddable":true,"href":"https:\/\/tristap.com\/index.php?rest_route=\/wp\/v2\/users\/1"}],"replies":[{"embeddable":true,"href":"https:\/\/tristap.com\/index.php?rest_route=%2Fwp%2Fv2%2Fcomments&post=2"}],"version-history":[{"count":2,"href":"https:\/\/tristap.com\/index.php?rest_route=\/wp\/v2\/pages\/2\/revisions"}],"predecessor-version":[{"id":23,"href":"https:\/\/tristap.com\/index.php?rest_route=\/wp\/v2\/pages\/2\/revisions\/23"}],"wp:attachment":[{"href":"https:\/\/tristap.com\/index.php?rest_route=%2Fwp%2Fv2%2Fmedia&parent=2"}],"curies":[{"name":"wp","href":"https:\/\/api.w.org\/{rel}","templated":true}]}}